{"id":1217,"date":"2025-05-19T12:22:32","date_gmt":"2025-05-19T15:22:32","guid":{"rendered":"https:\/\/abcdaweb.com\/home\/?page_id=1217"},"modified":"2025-11-25T16:14:38","modified_gmt":"2025-11-25T19:14:38","slug":"nosso-servico","status":"publish","type":"page","link":"https:\/\/abcdaweb.com\/home\/nosso-servico\/","title":{"rendered":"NOSSO SERVI\u00c7O"},"content":{"rendered":"","protected":false},"excerpt":{"rendered":"","protected":false},"author":1,"featured_media":0,"parent":0,"menu_order":0,"comment_status":"closed","ping_status":"closed","template":"","meta":{"footnotes":""},"class_list":["post-1217","page","type-page","status-publish","hentry"],"yoast_head":"<!-- This site is optimized with the Yoast SEO plugin v21.2 - https:\/\/yoast.com\/wordpress\/plugins\/seo\/ -->\n<title>NOSSO SERVI\u00c7O - ABCdaWEB - AG\u00caNCIA DE PUBLICIDADE<\/title>\n<meta name=\"description\" content=\"Ag\u00eancia de Publicidade!\" \/>\n<meta name=\"robots\" content=\"index, follow, max-snippet:-1, max-image-preview:large, max-video-preview:-1\" \/>\n<link rel=\"canonical\" href=\"https:\/\/abcdaweb.com\/home\/nosso-servico\/\" \/>\n<meta property=\"og:locale\" content=\"pt_BR\" \/>\n<meta property=\"og:type\" content=\"article\" \/>\n<meta property=\"og:title\" content=\"NOSSO SERVI\u00c7O - ABCdaWEB - AG\u00caNCIA DE PUBLICIDADE\" \/>\n<meta property=\"og:description\" content=\"Ag\u00eancia de Publicidade!\" \/>\n<meta property=\"og:url\" content=\"https:\/\/abcdaweb.com\/home\/nosso-servico\/\" \/>\n<meta property=\"og:site_name\" content=\"ABCdaWEB - AG\u00caNCIA DE PUBLICIDADE\" \/>\n<meta property=\"article:modified_time\" content=\"2025-11-25T19:14:38+00:00\" \/>\n<meta name=\"twitter:card\" content=\"summary_large_image\" \/>\n<script type=\"application\/ld+json\" class=\"yoast-schema-graph\">{\"@context\":\"https:\/\/schema.org\",\"@graph\":[{\"@type\":\"WebPage\",\"@id\":\"https:\/\/abcdaweb.com\/home\/nosso-servico\/\",\"url\":\"https:\/\/abcdaweb.com\/home\/nosso-servico\/\",\"name\":\"NOSSO SERVI\u00c7O - ABCdaWEB - AG\u00caNCIA DE PUBLICIDADE\",\"isPartOf\":{\"@id\":\"https:\/\/abcdaweb.com\/home\/#website\"},\"datePublished\":\"2025-05-19T15:22:32+00:00\",\"dateModified\":\"2025-11-25T19:14:38+00:00\",\"description\":\"Ag\u00eancia de Publicidade!\",\"breadcrumb\":{\"@id\":\"https:\/\/abcdaweb.com\/home\/nosso-servico\/#breadcrumb\"},\"inLanguage\":\"pt-BR\",\"potentialAction\":[{\"@type\":\"ReadAction\",\"target\":[\"https:\/\/abcdaweb.com\/home\/nosso-servico\/\"]}]},{\"@type\":\"BreadcrumbList\",\"@id\":\"https:\/\/abcdaweb.com\/home\/nosso-servico\/#breadcrumb\",\"itemListElement\":[{\"@type\":\"ListItem\",\"position\":1,\"name\":\"In\u00edcio\",\"item\":\"https:\/\/abcdaweb.com\/home\/\"},{\"@type\":\"ListItem\",\"position\":2,\"name\":\"NOSSO SERVI\u00c7O\"}]},{\"@type\":\"WebSite\",\"@id\":\"https:\/\/abcdaweb.com\/home\/#website\",\"url\":\"https:\/\/abcdaweb.com\/home\/\",\"name\":\"ABCdaWEB - AG\u00caNCIA DE PUBLICIDADE\",\"description\":\"Ag\u00eancia de Publicidade! Torres\/RS\",\"publisher\":{\"@id\":\"https:\/\/abcdaweb.com\/home\/#organization\"},\"potentialAction\":[{\"@type\":\"SearchAction\",\"target\":{\"@type\":\"EntryPoint\",\"urlTemplate\":\"https:\/\/abcdaweb.com\/home\/?s={search_term_string}\"},\"query-input\":\"required name=search_term_string\"}],\"inLanguage\":\"pt-BR\"},{\"@type\":\"Organization\",\"@id\":\"https:\/\/abcdaweb.com\/home\/#organization\",\"name\":\"ABCdaWEB - AG\u00caNCIA DE PUBLICIDADE\",\"url\":\"https:\/\/abcdaweb.com\/home\/\",\"logo\":{\"@type\":\"ImageObject\",\"inLanguage\":\"pt-BR\",\"@id\":\"https:\/\/abcdaweb.com\/home\/#\/schema\/logo\/image\/\",\"url\":\"https:\/\/abcdaweb.com\/home\/wp-content\/uploads\/2025\/04\/LOGO-2.0-BRACO.png\",\"contentUrl\":\"https:\/\/abcdaweb.com\/home\/wp-content\/uploads\/2025\/04\/LOGO-2.0-BRACO.png\",\"width\":860,\"height\":531,\"caption\":\"ABCdaWEB - AG\u00caNCIA DE PUBLICIDADE\"},\"image\":{\"@id\":\"https:\/\/abcdaweb.com\/home\/#\/schema\/logo\/image\/\"}}]}<\/script>\n<!-- \/ Yoast SEO plugin. -->","yoast_head_json":{"title":"NOSSO SERVI\u00c7O - ABCdaWEB - AG\u00caNCIA DE PUBLICIDADE","description":"Ag\u00eancia de Publicidade!","robots":{"index":"index","follow":"follow","max-snippet":"max-snippet:-1","max-image-preview":"max-image-preview:large","max-video-preview":"max-video-preview:-1"},"canonical":"https:\/\/abcdaweb.com\/home\/nosso-servico\/","og_locale":"pt_BR","og_type":"article","og_title":"NOSSO SERVI\u00c7O - ABCdaWEB - AG\u00caNCIA DE PUBLICIDADE","og_description":"Ag\u00eancia de Publicidade!","og_url":"https:\/\/abcdaweb.com\/home\/nosso-servico\/","og_site_name":"ABCdaWEB - AG\u00caNCIA DE PUBLICIDADE","article_modified_time":"2025-11-25T19:14:38+00:00","twitter_card":"summary_large_image","schema":{"@context":"https:\/\/schema.org","@graph":[{"@type":"WebPage","@id":"https:\/\/abcdaweb.com\/home\/nosso-servico\/","url":"https:\/\/abcdaweb.com\/home\/nosso-servico\/","name":"NOSSO SERVI\u00c7O - ABCdaWEB - AG\u00caNCIA DE PUBLICIDADE","isPartOf":{"@id":"https:\/\/abcdaweb.com\/home\/#website"},"datePublished":"2025-05-19T15:22:32+00:00","dateModified":"2025-11-25T19:14:38+00:00","description":"Ag\u00eancia de Publicidade!","breadcrumb":{"@id":"https:\/\/abcdaweb.com\/home\/nosso-servico\/#breadcrumb"},"inLanguage":"pt-BR","potentialAction":[{"@type":"ReadAction","target":["https:\/\/abcdaweb.com\/home\/nosso-servico\/"]}]},{"@type":"BreadcrumbList","@id":"https:\/\/abcdaweb.com\/home\/nosso-servico\/#breadcrumb","itemListElement":[{"@type":"ListItem","position":1,"name":"In\u00edcio","item":"https:\/\/abcdaweb.com\/home\/"},{"@type":"ListItem","position":2,"name":"NOSSO SERVI\u00c7O"}]},{"@type":"WebSite","@id":"https:\/\/abcdaweb.com\/home\/#website","url":"https:\/\/abcdaweb.com\/home\/","name":"ABCdaWEB - AG\u00caNCIA DE PUBLICIDADE","description":"Ag\u00eancia de Publicidade! Torres\/RS","publisher":{"@id":"https:\/\/abcdaweb.com\/home\/#organization"},"potentialAction":[{"@type":"SearchAction","target":{"@type":"EntryPoint","urlTemplate":"https:\/\/abcdaweb.com\/home\/?s={search_term_string}"},"query-input":"required name=search_term_string"}],"inLanguage":"pt-BR"},{"@type":"Organization","@id":"https:\/\/abcdaweb.com\/home\/#organization","name":"ABCdaWEB - AG\u00caNCIA DE PUBLICIDADE","url":"https:\/\/abcdaweb.com\/home\/","logo":{"@type":"ImageObject","inLanguage":"pt-BR","@id":"https:\/\/abcdaweb.com\/home\/#\/schema\/logo\/image\/","url":"https:\/\/abcdaweb.com\/home\/wp-content\/uploads\/2025\/04\/LOGO-2.0-BRACO.png","contentUrl":"https:\/\/abcdaweb.com\/home\/wp-content\/uploads\/2025\/04\/LOGO-2.0-BRACO.png","width":860,"height":531,"caption":"ABCdaWEB - AG\u00caNCIA DE PUBLICIDADE"},"image":{"@id":"https:\/\/abcdaweb.com\/home\/#\/schema\/logo\/image\/"}}]}},"_links":{"self":[{"href":"https:\/\/abcdaweb.com\/home\/wp-json\/wp\/v2\/pages\/1217","targetHints":{"allow":["GET"]}}],"collection":[{"href":"https:\/\/abcdaweb.com\/home\/wp-json\/wp\/v2\/pages"}],"about":[{"href":"https:\/\/abcdaweb.com\/home\/wp-json\/wp\/v2\/types\/page"}],"author":[{"embeddable":true,"href":"https:\/\/abcdaweb.com\/home\/wp-json\/wp\/v2\/users\/1"}],"replies":[{"embeddable":true,"href":"https:\/\/abcdaweb.com\/home\/wp-json\/wp\/v2\/comments?post=1217"}],"version-history":[{"count":2,"href":"https:\/\/abcdaweb.com\/home\/wp-json\/wp\/v2\/pages\/1217\/revisions"}],"predecessor-version":[{"id":1221,"href":"https:\/\/abcdaweb.com\/home\/wp-json\/wp\/v2\/pages\/1217\/revisions\/1221"}],"wp:attachment":[{"href":"https:\/\/abcdaweb.com\/home\/wp-json\/wp\/v2\/media?parent=1217"}],"curies":[{"name":"wp","href":"https:\/\/api.w.org\/{rel}","templated":true}]}}